{"id":75,"date":"2025-08-16T11:19:11","date_gmt":"2025-08-16T09:19:11","guid":{"rendered":"https:\/\/3dausnrw.de\/index.php\/widerrufsbelehrung\/"},"modified":"2026-02-17T18:27:25","modified_gmt":"2026-02-17T17:27:25","slug":"widerrufsbelehrung","status":"publish","type":"page","link":"https:\/\/3dausnrw.de\/index.php\/widerrufsbelehrung\/","title":{"rendered":"Widerrufsbelehrung"},"content":{"rendered":"\n<h2 class=\"wp-block-heading\">Widerrufsrecht<\/h2>\n\n\n\n<p>Sie haben das Recht, binnen 14 Tagen ohne Angabe von Gr\u00fcnden diesen Vertrag zu widerrufen.<\/p>\n\n\n\n<h3 class=\"wp-block-heading\">Aus\u00fcbung des Widerrufs<\/h3>\n\n\n\n<p>Um Ihr Widerrufsrecht auszu\u00fcben, m\u00fcssen Sie uns (siehe <a href=\"https:\/\/mein.online-impressum.de\/3dausnrw\" data-type=\"page\" data-id=\"7\" target=\"_blank\" rel=\"noreferrer noopener\">Impressum<\/a>) mittels einer eindeutigen Erkl\u00e4rung (z.\u202fB. E-Mail) \u00fcber Ihren Entschluss informieren.<\/p>\n\n\n\n<h3 class=\"wp-block-heading\">Folgen des Widerrufs<\/h3>\n\n\n\n<ul class=\"wp-block-list\">\n<li>Bereits gezahlte Betr\u00e4ge einschlie\u00dflich Versandkosten werden innerhalb von 14 Tagen zur\u00fcckerstattet.<\/li>\n\n\n\n<li>Die Ware muss sp\u00e4testens innerhalb von 14 Tagen nach Widerruf zur\u00fcckgesendet werden.<\/li>\n\n\n\n<li><strong>Die Kosten der R\u00fccksendung tr\u00e4gt der K\u00e4ufer<\/strong>, soweit die gelieferte Ware der bestellten entspricht.<\/li>\n\n\n\n<li><strong>Ausnahme:<\/strong> Personalisierte Produkte (z.\u202fB. individuell gestaltete Lithophane) sind vom Widerrufsrecht ausgeschlossen, da sie speziell nach Ihren Vorgaben hergestellt werden.<\/li>\n<\/ul>\n","protected":false},"excerpt":{"rendered":"<p>Widerrufsrecht Sie haben das Recht, binnen 14 Tagen ohne Angabe von Gr\u00fcnden diesen Vertrag zu widerrufen. Aus\u00fcbung des Widerrufs Um Ihr Widerrufsrecht auszu\u00fcben, m\u00fcssen Sie uns (siehe Impressum) mittels einer eindeutigen Erkl\u00e4rung (z.\u202fB. E-Mail) \u00fcber Ihren Entschluss informieren. Folgen des Widerrufs<\/p>\n","protected":false},"author":1,"featured_media":0,"parent":0,"menu_order":96,"comment_status":"closed","ping_status":"closed","template":"","meta":{"footnotes":""},"class_list":["post-75","page","type-page","status-publish","hentry"],"yoast_head":"<!-- This site is optimized with the Yoast SEO plugin v27.0 - https:\/\/yoast.com\/product\/yoast-seo-wordpress\/ -->\n<title>Widerrufsbelehrung - 3D aus NRW<\/title>\n<meta name=\"robots\" content=\"index, follow, max-snippet:-1, max-image-preview:large, max-video-preview:-1\" \/>\n<link rel=\"canonical\" href=\"https:\/\/3dausnrw.de\/index.php\/widerrufsbelehrung\/\" \/>\n<meta property=\"og:locale\" content=\"de_DE\" \/>\n<meta property=\"og:type\" content=\"article\" \/>\n<meta property=\"og:title\" content=\"Widerrufsbelehrung - 3D aus NRW\" \/>\n<meta property=\"og:description\" content=\"Widerrufsrecht Sie haben das Recht, binnen 14 Tagen ohne Angabe von Gr\u00fcnden diesen Vertrag zu widerrufen. Aus\u00fcbung des Widerrufs Um Ihr Widerrufsrecht auszu\u00fcben, m\u00fcssen Sie uns (siehe Impressum) mittels einer eindeutigen Erkl\u00e4rung (z.\u202fB. E-Mail) \u00fcber Ihren Entschluss informieren. Folgen des Widerrufs\" \/>\n<meta property=\"og:url\" content=\"https:\/\/3dausnrw.de\/index.php\/widerrufsbelehrung\/\" \/>\n<meta property=\"og:site_name\" content=\"3D aus NRW\" \/>\n<meta property=\"article:modified_time\" content=\"2026-02-17T17:27:25+00:00\" \/>\n<meta name=\"twitter:card\" content=\"summary_large_image\" \/>\n<meta name=\"twitter:label1\" content=\"Gesch\u00e4tzte Lesezeit\" \/>\n\t<meta name=\"twitter:data1\" content=\"1\u00a0Minute\" \/>\n<script type=\"application\/ld+json\" class=\"yoast-schema-graph\">{\"@context\":\"https:\/\/schema.org\",\"@graph\":[{\"@type\":\"WebPage\",\"@id\":\"https:\/\/3dausnrw.de\/index.php\/widerrufsbelehrung\/\",\"url\":\"https:\/\/3dausnrw.de\/index.php\/widerrufsbelehrung\/\",\"name\":\"Widerrufsbelehrung - 3D aus NRW\",\"isPartOf\":{\"@id\":\"https:\/\/3dausnrw.de\/#website\"},\"datePublished\":\"2025-08-16T09:19:11+00:00\",\"dateModified\":\"2026-02-17T17:27:25+00:00\",\"breadcrumb\":{\"@id\":\"https:\/\/3dausnrw.de\/index.php\/widerrufsbelehrung\/#breadcrumb\"},\"inLanguage\":\"de\",\"potentialAction\":[{\"@type\":\"ReadAction\",\"target\":[\"https:\/\/3dausnrw.de\/index.php\/widerrufsbelehrung\/\"]}]},{\"@type\":\"BreadcrumbList\",\"@id\":\"https:\/\/3dausnrw.de\/index.php\/widerrufsbelehrung\/#breadcrumb\",\"itemListElement\":[{\"@type\":\"ListItem\",\"position\":1,\"name\":\"Startseite\",\"item\":\"https:\/\/3dausnrw.de\/\"},{\"@type\":\"ListItem\",\"position\":2,\"name\":\"Widerrufsbelehrung\"}]},{\"@type\":\"WebSite\",\"@id\":\"https:\/\/3dausnrw.de\/#website\",\"url\":\"https:\/\/3dausnrw.de\/\",\"name\":\"3D aus NRW\",\"description\":\"Individuell &amp; Einzigartig\",\"publisher\":{\"@id\":\"https:\/\/3dausnrw.de\/#organization\"},\"potentialAction\":[{\"@type\":\"SearchAction\",\"target\":{\"@type\":\"EntryPoint\",\"urlTemplate\":\"https:\/\/3dausnrw.de\/?s={search_term_string}\"},\"query-input\":{\"@type\":\"PropertyValueSpecification\",\"valueRequired\":true,\"valueName\":\"search_term_string\"}}],\"inLanguage\":\"de\"},{\"@type\":\"Organization\",\"@id\":\"https:\/\/3dausnrw.de\/#organization\",\"name\":\"3D aus NRW\",\"url\":\"https:\/\/3dausnrw.de\/\",\"logo\":{\"@type\":\"ImageObject\",\"inLanguage\":\"de\",\"@id\":\"https:\/\/3dausnrw.de\/#\/schema\/logo\/image\/\",\"url\":\"https:\/\/3dausnrw.de\/wp-content\/uploads\/2025\/11\/Icon-Kopie.png\",\"contentUrl\":\"https:\/\/3dausnrw.de\/wp-content\/uploads\/2025\/11\/Icon-Kopie.png\",\"width\":511,\"height\":502,\"caption\":\"3D aus NRW\"},\"image\":{\"@id\":\"https:\/\/3dausnrw.de\/#\/schema\/logo\/image\/\"}}]}<\/script>\n<!-- \/ Yoast SEO plugin. -->","yoast_head_json":{"title":"Widerrufsbelehrung - 3D aus NRW","robots":{"index":"index","follow":"follow","max-snippet":"max-snippet:-1","max-image-preview":"max-image-preview:large","max-video-preview":"max-video-preview:-1"},"canonical":"https:\/\/3dausnrw.de\/index.php\/widerrufsbelehrung\/","og_locale":"de_DE","og_type":"article","og_title":"Widerrufsbelehrung - 3D aus NRW","og_description":"Widerrufsrecht Sie haben das Recht, binnen 14 Tagen ohne Angabe von Gr\u00fcnden diesen Vertrag zu widerrufen. Aus\u00fcbung des Widerrufs Um Ihr Widerrufsrecht auszu\u00fcben, m\u00fcssen Sie uns (siehe Impressum) mittels einer eindeutigen Erkl\u00e4rung (z.\u202fB. E-Mail) \u00fcber Ihren Entschluss informieren. Folgen des Widerrufs","og_url":"https:\/\/3dausnrw.de\/index.php\/widerrufsbelehrung\/","og_site_name":"3D aus NRW","article_modified_time":"2026-02-17T17:27:25+00:00","twitter_card":"summary_large_image","twitter_misc":{"Gesch\u00e4tzte Lesezeit":"1\u00a0Minute"},"schema":{"@context":"https:\/\/schema.org","@graph":[{"@type":"WebPage","@id":"https:\/\/3dausnrw.de\/index.php\/widerrufsbelehrung\/","url":"https:\/\/3dausnrw.de\/index.php\/widerrufsbelehrung\/","name":"Widerrufsbelehrung - 3D aus NRW","isPartOf":{"@id":"https:\/\/3dausnrw.de\/#website"},"datePublished":"2025-08-16T09:19:11+00:00","dateModified":"2026-02-17T17:27:25+00:00","breadcrumb":{"@id":"https:\/\/3dausnrw.de\/index.php\/widerrufsbelehrung\/#breadcrumb"},"inLanguage":"de","potentialAction":[{"@type":"ReadAction","target":["https:\/\/3dausnrw.de\/index.php\/widerrufsbelehrung\/"]}]},{"@type":"BreadcrumbList","@id":"https:\/\/3dausnrw.de\/index.php\/widerrufsbelehrung\/#breadcrumb","itemListElement":[{"@type":"ListItem","position":1,"name":"Startseite","item":"https:\/\/3dausnrw.de\/"},{"@type":"ListItem","position":2,"name":"Widerrufsbelehrung"}]},{"@type":"WebSite","@id":"https:\/\/3dausnrw.de\/#website","url":"https:\/\/3dausnrw.de\/","name":"3D aus NRW","description":"Individuell &amp; Einzigartig","publisher":{"@id":"https:\/\/3dausnrw.de\/#organization"},"potentialAction":[{"@type":"SearchAction","target":{"@type":"EntryPoint","urlTemplate":"https:\/\/3dausnrw.de\/?s={search_term_string}"},"query-input":{"@type":"PropertyValueSpecification","valueRequired":true,"valueName":"search_term_string"}}],"inLanguage":"de"},{"@type":"Organization","@id":"https:\/\/3dausnrw.de\/#organization","name":"3D aus NRW","url":"https:\/\/3dausnrw.de\/","logo":{"@type":"ImageObject","inLanguage":"de","@id":"https:\/\/3dausnrw.de\/#\/schema\/logo\/image\/","url":"https:\/\/3dausnrw.de\/wp-content\/uploads\/2025\/11\/Icon-Kopie.png","contentUrl":"https:\/\/3dausnrw.de\/wp-content\/uploads\/2025\/11\/Icon-Kopie.png","width":511,"height":502,"caption":"3D aus NRW"},"image":{"@id":"https:\/\/3dausnrw.de\/#\/schema\/logo\/image\/"}}]}},"jetpack_sharing_enabled":true,"_links":{"self":[{"href":"https:\/\/3dausnrw.de\/index.php\/wp-json\/wp\/v2\/pages\/75","targetHints":{"allow":["GET"]}}],"collection":[{"href":"https:\/\/3dausnrw.de\/index.php\/wp-json\/wp\/v2\/pages"}],"about":[{"href":"https:\/\/3dausnrw.de\/index.php\/wp-json\/wp\/v2\/types\/page"}],"author":[{"embeddable":true,"href":"https:\/\/3dausnrw.de\/index.php\/wp-json\/wp\/v2\/users\/1"}],"replies":[{"embeddable":true,"href":"https:\/\/3dausnrw.de\/index.php\/wp-json\/wp\/v2\/comments?post=75"}],"version-history":[{"count":5,"href":"https:\/\/3dausnrw.de\/index.php\/wp-json\/wp\/v2\/pages\/75\/revisions"}],"predecessor-version":[{"id":346,"href":"https:\/\/3dausnrw.de\/index.php\/wp-json\/wp\/v2\/pages\/75\/revisions\/346"}],"wp:attachment":[{"href":"https:\/\/3dausnrw.de\/index.php\/wp-json\/wp\/v2\/media?parent=75"}],"curies":[{"name":"wp","href":"https:\/\/api.w.org\/{rel}","templated":true}]}}