{"id":275,"date":"2026-01-13T14:22:08","date_gmt":"2026-01-13T13:22:08","guid":{"rendered":"https:\/\/3dausnrw.de\/?post_type=product&#038;p=275"},"modified":"2026-05-14T20:11:38","modified_gmt":"2026-05-14T18:11:38","slug":"love-dekoration-mit-namen","status":"publish","type":"product","link":"https:\/\/3dausnrw.de\/index.php\/produkt\/love-dekoration-mit-namen\/","title":{"rendered":"LOVE Dekoration mit Namen"},"content":{"rendered":"<p data-start=\"196\" data-end=\"291\">\ud83d\udc96 <strong data-start=\"199\" data-end=\"289\">LOVE Dekoration mit Ihren pers\u00f6nlichen Namen \u2013 ein individuelles Geschenk voller Herz!<\/strong><\/p>\n<p data-start=\"293\" data-end=\"642\">Verwandeln Sie Ihr Zuhause oder verschenken Sie ein einzigartiges Highlight: Unser 3D-Druck-Dekoelement \u201eLOVE\u201c wird mit <strong data-start=\"413\" data-end=\"452\">Ihren Wunschnamen in GRO\u00dfBUCHSTABEN<\/strong> personalisiert. Einfach die Namen eingeben, Gr\u00f6\u00dfe und Farbe w\u00e4hlen \u2013 wir k\u00fcmmern uns um den Rest! Jedes St\u00fcck wird sorgf\u00e4ltig im 3D-Druckverfahren hergestellt und von Hand nachbearbeitet.<\/p>\n<p data-start=\"644\" data-end=\"682\">\u2728 <strong data-start=\"646\" data-end=\"680\">Perfekt f\u00fcr besondere Anl\u00e4sse:<\/strong><\/p>\n<ul data-start=\"683\" data-end=\"806\">\n<li data-start=\"683\" data-end=\"702\">\n<p data-start=\"685\" data-end=\"702\">Valentinstag \ud83d\udc8c<\/p>\n<\/li>\n<li data-start=\"703\" data-end=\"733\">\n<p data-start=\"705\" data-end=\"733\">Hochzeiten &amp; Jahrestage \ud83d\udc8d<\/p>\n<\/li>\n<li data-start=\"734\" data-end=\"752\">\n<p data-start=\"736\" data-end=\"752\">Geburtstage \ud83c\udf89<\/p>\n<\/li>\n<li data-start=\"753\" data-end=\"806\">\n<p data-start=\"755\" data-end=\"806\">Ein liebevolles Geschenk f\u00fcr Freunde oder Familie<\/p>\n<\/li>\n<\/ul>\n<p data-start=\"808\" data-end=\"829\">Bitte beachten Sie:<\/p>\n<ul data-start=\"831\" data-end=\"1170\">\n<li data-start=\"831\" data-end=\"943\">\n<p data-start=\"833\" data-end=\"943\">Durch das 3D-Druckverfahren entstehen feine Schichtlinien (Rillen), die Teil des besonderen Charakters sind.<\/p>\n<\/li>\n<li data-start=\"944\" data-end=\"1010\">\n<p data-start=\"946\" data-end=\"1010\">Kanten k\u00f6nnen leicht scharf sein \u2013 bitte vorsichtig handhaben.<\/p>\n<\/li>\n<li data-start=\"1011\" data-end=\"1111\">\n<p data-start=\"1013\" data-end=\"1111\">Jedes Dekoelement ist ein individuell gefertigtes Unikat, das vor dem Versand kontrolliert wird.<\/p>\n<\/li>\n<li data-start=\"1112\" data-end=\"1170\">\n<p data-start=\"1114\" data-end=\"1170\"><strong data-start=\"1114\" data-end=\"1168\">Die Namen werden immer in GRO\u00dfBUCHSTABEN gedruckt.<\/strong><\/p>\n<\/li>\n<\/ul>\n<p data-start=\"1172\" data-end=\"1433\">\ud83d\udca1 <strong data-start=\"1175\" data-end=\"1208\">Hinweis zur Personalisierung:<\/strong><br data-start=\"1208\" data-end=\"1211\" \/>Mit der Eingabe Ihrer Namen versichern Sie, dass keine Rechte Dritter verletzt werden. Sie stellen 3DausNRW von allen Anspr\u00fcchen Dritter frei, die aufgrund von Namensrechten oder Pers\u00f6nlichkeitsrechten entstehen k\u00f6nnten.<br \/>\nDieses Produkt wird individuell nach Ihren Vorgaben gefertigt. Daher ist das Widerrufsrecht gem\u00e4\u00df \u00a7 312g Abs. 2 Nr. 1 BGB ausgeschlossen.<\/p>\n","protected":false},"excerpt":{"rendered":"<p>\ud83d\udc96 LOVE Dekoration mit Ihren pers\u00f6nlichen Namen \u2013 ein individuelles Geschenk voller Herz! Verwandeln Sie Ihr Zuhause oder verschenken Sie ein einzigartiges Highlight: Unser 3D-Druck-Dekoelement \u201eLOVE\u201c wird mit Ihren Wunschnamen in GRO\u00dfBUCHSTABEN personalisiert. Einfach die Namen eingeben, Gr\u00f6\u00dfe und Farbe w\u00e4hlen \u2013 wir k\u00fcmmern uns um den Rest! Jedes St\u00fcck wird sorgf\u00e4ltig im 3D-Druckverfahren hergestellt<\/p>\n<div class=\"more-link\">\n\t\t\t\t <a href=\"https:\/\/3dausnrw.de\/index.php\/produkt\/love-dekoration-mit-namen\/\" class=\"btn theme-btn\"><span>Weiterlesen <\/span><\/a>\n\t\t\t<\/div>\n","protected":false},"featured_media":280,"comment_status":"open","ping_status":"closed","template":"","meta":[],"product_brand":[],"product_cat":[50],"product_tag":[],"class_list":{"0":"post-275","1":"product","2":"type-product","3":"status-publish","4":"has-post-thumbnail","6":"product_cat-personalisiert","8":"first","9":"instock","10":"shipping-taxable","11":"purchasable","12":"product-type-variable"},"yoast_head":"<!-- This site is optimized with the Yoast SEO plugin v27.0 - https:\/\/yoast.com\/product\/yoast-seo-wordpress\/ -->\n<title>LOVE Dekoration mit Namen - 3D aus NRW<\/title>\n<meta name=\"robots\" content=\"index, follow, max-snippet:-1, max-image-preview:large, max-video-preview:-1\" \/>\n<link rel=\"canonical\" href=\"https:\/\/3dausnrw.de\/index.php\/produkt\/love-dekoration-mit-namen\/\" \/>\n<meta property=\"og:locale\" content=\"de_DE\" \/>\n<meta property=\"og:type\" content=\"article\" \/>\n<meta property=\"og:title\" content=\"LOVE Dekoration mit Namen - 3D aus NRW\" \/>\n<meta property=\"og:description\" content=\"\ud83d\udc96 LOVE Dekoration mit Ihren pers\u00f6nlichen Namen \u2013 ein individuelles Geschenk voller Herz! Verwandeln Sie Ihr Zuhause oder verschenken Sie ein einzigartiges Highlight: Unser 3D-Druck-Dekoelement \u201eLOVE\u201c wird mit Ihren Wunschnamen in GRO\u00dfBUCHSTABEN personalisiert. Einfach die Namen eingeben, Gr\u00f6\u00dfe und Farbe w\u00e4hlen \u2013 wir k\u00fcmmern uns um den Rest! Jedes St\u00fcck wird sorgf\u00e4ltig im 3D-Druckverfahren hergestellt    Weiterlesen\" \/>\n<meta property=\"og:url\" content=\"https:\/\/3dausnrw.de\/index.php\/produkt\/love-dekoration-mit-namen\/\" \/>\n<meta property=\"og:site_name\" content=\"3D aus NRW\" \/>\n<meta property=\"article:modified_time\" content=\"2026-05-14T18:11:38+00:00\" \/>\n<meta property=\"og:image\" content=\"https:\/\/3dausnrw.de\/wp-content\/uploads\/2026\/01\/LoveSign2.jpeg\" \/>\n\t<meta property=\"og:image:width\" content=\"1381\" \/>\n\t<meta property=\"og:image:height\" content=\"899\" \/>\n\t<meta property=\"og:image:type\" content=\"image\/jpeg\" \/>\n<meta name=\"twitter:card\" content=\"summary_large_image\" \/>\n<meta name=\"twitter:label1\" content=\"Gesch\u00e4tzte Lesezeit\" \/>\n\t<meta name=\"twitter:data1\" content=\"2\u00a0Minuten\" \/>\n<script type=\"application\/ld+json\" class=\"yoast-schema-graph\">{\"@context\":\"https:\/\/schema.org\",\"@graph\":[{\"@type\":\"WebPage\",\"@id\":\"https:\/\/3dausnrw.de\/index.php\/produkt\/love-dekoration-mit-namen\/\",\"url\":\"https:\/\/3dausnrw.de\/index.php\/produkt\/love-dekoration-mit-namen\/\",\"name\":\"LOVE Dekoration mit Namen - 3D aus NRW\",\"isPartOf\":{\"@id\":\"https:\/\/3dausnrw.de\/#website\"},\"primaryImageOfPage\":{\"@id\":\"https:\/\/3dausnrw.de\/index.php\/produkt\/love-dekoration-mit-namen\/#primaryimage\"},\"image\":{\"@id\":\"https:\/\/3dausnrw.de\/index.php\/produkt\/love-dekoration-mit-namen\/#primaryimage\"},\"thumbnailUrl\":\"https:\/\/3dausnrw.de\/wp-content\/uploads\/2026\/01\/LoveSign2.jpeg\",\"datePublished\":\"2026-01-13T13:22:08+00:00\",\"dateModified\":\"2026-05-14T18:11:38+00:00\",\"breadcrumb\":{\"@id\":\"https:\/\/3dausnrw.de\/index.php\/produkt\/love-dekoration-mit-namen\/#breadcrumb\"},\"inLanguage\":\"de\",\"potentialAction\":[{\"@type\":\"ReadAction\",\"target\":[\"https:\/\/3dausnrw.de\/index.php\/produkt\/love-dekoration-mit-namen\/\"]}]},{\"@type\":\"ImageObject\",\"inLanguage\":\"de\",\"@id\":\"https:\/\/3dausnrw.de\/index.php\/produkt\/love-dekoration-mit-namen\/#primaryimage\",\"url\":\"https:\/\/3dausnrw.de\/wp-content\/uploads\/2026\/01\/LoveSign2.jpeg\",\"contentUrl\":\"https:\/\/3dausnrw.de\/wp-content\/uploads\/2026\/01\/LoveSign2.jpeg\",\"width\":1381,\"height\":899},{\"@type\":\"BreadcrumbList\",\"@id\":\"https:\/\/3dausnrw.de\/index.php\/produkt\/love-dekoration-mit-namen\/#breadcrumb\",\"itemListElement\":[{\"@type\":\"ListItem\",\"position\":1,\"name\":\"Startseite\",\"item\":\"https:\/\/3dausnrw.de\/\"},{\"@type\":\"ListItem\",\"position\":2,\"name\":\"Shop\",\"item\":\"https:\/\/3dausnrw.de\/\"},{\"@type\":\"ListItem\",\"position\":3,\"name\":\"LOVE Dekoration mit Namen\"}]},{\"@type\":\"WebSite\",\"@id\":\"https:\/\/3dausnrw.de\/#website\",\"url\":\"https:\/\/3dausnrw.de\/\",\"name\":\"3D aus NRW\",\"description\":\"Individuell &amp; Einzigartig\",\"publisher\":{\"@id\":\"https:\/\/3dausnrw.de\/#organization\"},\"potentialAction\":[{\"@type\":\"SearchAction\",\"target\":{\"@type\":\"EntryPoint\",\"urlTemplate\":\"https:\/\/3dausnrw.de\/?s={search_term_string}\"},\"query-input\":{\"@type\":\"PropertyValueSpecification\",\"valueRequired\":true,\"valueName\":\"search_term_string\"}}],\"inLanguage\":\"de\"},{\"@type\":\"Organization\",\"@id\":\"https:\/\/3dausnrw.de\/#organization\",\"name\":\"3D aus NRW\",\"url\":\"https:\/\/3dausnrw.de\/\",\"logo\":{\"@type\":\"ImageObject\",\"inLanguage\":\"de\",\"@id\":\"https:\/\/3dausnrw.de\/#\/schema\/logo\/image\/\",\"url\":\"https:\/\/3dausnrw.de\/wp-content\/uploads\/2025\/11\/Icon-Kopie.png\",\"contentUrl\":\"https:\/\/3dausnrw.de\/wp-content\/uploads\/2025\/11\/Icon-Kopie.png\",\"width\":511,\"height\":502,\"caption\":\"3D aus NRW\"},\"image\":{\"@id\":\"https:\/\/3dausnrw.de\/#\/schema\/logo\/image\/\"}}]}<\/script>\n<!-- \/ Yoast SEO plugin. -->","yoast_head_json":{"title":"LOVE Dekoration mit Namen - 3D aus NRW","robots":{"index":"index","follow":"follow","max-snippet":"max-snippet:-1","max-image-preview":"max-image-preview:large","max-video-preview":"max-video-preview:-1"},"canonical":"https:\/\/3dausnrw.de\/index.php\/produkt\/love-dekoration-mit-namen\/","og_locale":"de_DE","og_type":"article","og_title":"LOVE Dekoration mit Namen - 3D aus NRW","og_description":"\ud83d\udc96 LOVE Dekoration mit Ihren pers\u00f6nlichen Namen \u2013 ein individuelles Geschenk voller Herz! Verwandeln Sie Ihr Zuhause oder verschenken Sie ein einzigartiges Highlight: Unser 3D-Druck-Dekoelement \u201eLOVE\u201c wird mit Ihren Wunschnamen in GRO\u00dfBUCHSTABEN personalisiert. Einfach die Namen eingeben, Gr\u00f6\u00dfe und Farbe w\u00e4hlen \u2013 wir k\u00fcmmern uns um den Rest! Jedes St\u00fcck wird sorgf\u00e4ltig im 3D-Druckverfahren hergestellt    Weiterlesen","og_url":"https:\/\/3dausnrw.de\/index.php\/produkt\/love-dekoration-mit-namen\/","og_site_name":"3D aus NRW","article_modified_time":"2026-05-14T18:11:38+00:00","og_image":[{"width":1381,"height":899,"url":"https:\/\/3dausnrw.de\/wp-content\/uploads\/2026\/01\/LoveSign2.jpeg","type":"image\/jpeg"}],"twitter_card":"summary_large_image","twitter_misc":{"Gesch\u00e4tzte Lesezeit":"2\u00a0Minuten"},"schema":{"@context":"https:\/\/schema.org","@graph":[{"@type":"WebPage","@id":"https:\/\/3dausnrw.de\/index.php\/produkt\/love-dekoration-mit-namen\/","url":"https:\/\/3dausnrw.de\/index.php\/produkt\/love-dekoration-mit-namen\/","name":"LOVE Dekoration mit Namen - 3D aus NRW","isPartOf":{"@id":"https:\/\/3dausnrw.de\/#website"},"primaryImageOfPage":{"@id":"https:\/\/3dausnrw.de\/index.php\/produkt\/love-dekoration-mit-namen\/#primaryimage"},"image":{"@id":"https:\/\/3dausnrw.de\/index.php\/produkt\/love-dekoration-mit-namen\/#primaryimage"},"thumbnailUrl":"https:\/\/3dausnrw.de\/wp-content\/uploads\/2026\/01\/LoveSign2.jpeg","datePublished":"2026-01-13T13:22:08+00:00","dateModified":"2026-05-14T18:11:38+00:00","breadcrumb":{"@id":"https:\/\/3dausnrw.de\/index.php\/produkt\/love-dekoration-mit-namen\/#breadcrumb"},"inLanguage":"de","potentialAction":[{"@type":"ReadAction","target":["https:\/\/3dausnrw.de\/index.php\/produkt\/love-dekoration-mit-namen\/"]}]},{"@type":"ImageObject","inLanguage":"de","@id":"https:\/\/3dausnrw.de\/index.php\/produkt\/love-dekoration-mit-namen\/#primaryimage","url":"https:\/\/3dausnrw.de\/wp-content\/uploads\/2026\/01\/LoveSign2.jpeg","contentUrl":"https:\/\/3dausnrw.de\/wp-content\/uploads\/2026\/01\/LoveSign2.jpeg","width":1381,"height":899},{"@type":"BreadcrumbList","@id":"https:\/\/3dausnrw.de\/index.php\/produkt\/love-dekoration-mit-namen\/#breadcrumb","itemListElement":[{"@type":"ListItem","position":1,"name":"Startseite","item":"https:\/\/3dausnrw.de\/"},{"@type":"ListItem","position":2,"name":"Shop","item":"https:\/\/3dausnrw.de\/"},{"@type":"ListItem","position":3,"name":"LOVE Dekoration mit Namen"}]},{"@type":"WebSite","@id":"https:\/\/3dausnrw.de\/#website","url":"https:\/\/3dausnrw.de\/","name":"3D aus NRW","description":"Individuell &amp; Einzigartig","publisher":{"@id":"https:\/\/3dausnrw.de\/#organization"},"potentialAction":[{"@type":"SearchAction","target":{"@type":"EntryPoint","urlTemplate":"https:\/\/3dausnrw.de\/?s={search_term_string}"},"query-input":{"@type":"PropertyValueSpecification","valueRequired":true,"valueName":"search_term_string"}}],"inLanguage":"de"},{"@type":"Organization","@id":"https:\/\/3dausnrw.de\/#organization","name":"3D aus NRW","url":"https:\/\/3dausnrw.de\/","logo":{"@type":"ImageObject","inLanguage":"de","@id":"https:\/\/3dausnrw.de\/#\/schema\/logo\/image\/","url":"https:\/\/3dausnrw.de\/wp-content\/uploads\/2025\/11\/Icon-Kopie.png","contentUrl":"https:\/\/3dausnrw.de\/wp-content\/uploads\/2025\/11\/Icon-Kopie.png","width":511,"height":502,"caption":"3D aus NRW"},"image":{"@id":"https:\/\/3dausnrw.de\/#\/schema\/logo\/image\/"}}]}},"jetpack_sharing_enabled":true,"_links":{"self":[{"href":"https:\/\/3dausnrw.de\/index.php\/wp-json\/wp\/v2\/product\/275","targetHints":{"allow":["GET"]}}],"collection":[{"href":"https:\/\/3dausnrw.de\/index.php\/wp-json\/wp\/v2\/product"}],"about":[{"href":"https:\/\/3dausnrw.de\/index.php\/wp-json\/wp\/v2\/types\/product"}],"replies":[{"embeddable":true,"href":"https:\/\/3dausnrw.de\/index.php\/wp-json\/wp\/v2\/comments?post=275"}],"wp:featuredmedia":[{"embeddable":true,"href":"https:\/\/3dausnrw.de\/index.php\/wp-json\/wp\/v2\/media\/280"}],"wp:attachment":[{"href":"https:\/\/3dausnrw.de\/index.php\/wp-json\/wp\/v2\/media?parent=275"}],"wp:term":[{"taxonomy":"product_brand","embeddable":true,"href":"https:\/\/3dausnrw.de\/index.php\/wp-json\/wp\/v2\/product_brand?post=275"},{"taxonomy":"product_cat","embeddable":true,"href":"https:\/\/3dausnrw.de\/index.php\/wp-json\/wp\/v2\/product_cat?post=275"},{"taxonomy":"product_tag","embeddable":true,"href":"https:\/\/3dausnrw.de\/index.php\/wp-json\/wp\/v2\/product_tag?post=275"}],"curies":[{"name":"wp","href":"https:\/\/api.w.org\/{rel}","templated":true}]}}