{"id":322,"date":"2026-02-01T12:20:14","date_gmt":"2026-02-01T11:20:14","guid":{"rendered":"https:\/\/3dausnrw.de\/?post_type=product&#038;p=322"},"modified":"2026-05-14T20:11:39","modified_gmt":"2026-05-14T18:11:39","slug":"individuelles-tictactoe-spiel-mit-spielfeld-farben-konfigurierbar","status":"publish","type":"product","link":"https:\/\/3dausnrw.de\/index.php\/produkt\/individuelles-tictactoe-spiel-mit-spielfeld-farben-konfigurierbar\/","title":{"rendered":"Individuelles TicTacToe-Spiel mit Spielfeld \u2013 Farben konfigurierbar"},"content":{"rendered":"<p data-start=\"353\" data-end=\"663\">Dieses TicTacToe-Spiel wird im hochwertigen 3D-Druckverfahren individuell f\u00fcr Sie gefertigt.<br data-start=\"445\" data-end=\"448\" \/>Das Spielfeld verf\u00fcgt \u00fcber eingelassene Felder, in denen die Spielsteine <strong data-start=\"521\" data-end=\"558\">passgenau platziert werden k\u00f6nnen<\/strong>. Die Steine haben <strong data-start=\"577\" data-end=\"605\">einen leichten Spielraum<\/strong>, sodass sie sich angenehm einsetzen und entnehmen lassen.<\/p>\n<p data-start=\"665\" data-end=\"887\">Die Spielsteine sind zweifarbig gestaltet und werden so gefertigt, dass sich Symbol und Grundfarbe farblich voneinander abheben. Dadurch entsteht ein leicht dreidimensionaler Effekt, bei dem das Symbol optisch hervortritt.<\/p>\n<h2 data-start=\"1130\" data-end=\"1169\"><strong data-start=\"1133\" data-end=\"1169\">Individualisierung \u2013 Farbauswahl<\/strong><\/h2>\n<p data-start=\"1170\" data-end=\"1274\">Sie k\u00f6nnen Ihr TicTacToe-Spiel individuell gestalten. Daf\u00fcr stehen <strong data-start=\"1237\" data-end=\"1259\">drei Farbauswahlen<\/strong> zur Verf\u00fcgung:<\/p>\n<h3 data-start=\"1276\" data-end=\"1302\"><strong data-start=\"1280\" data-end=\"1302\">Spielfeldfarbe<\/strong><\/h3>\n<ul data-start=\"1303\" data-end=\"1362\">\n<li data-start=\"1303\" data-end=\"1362\">\n<p data-start=\"1305\" data-end=\"1362\">Farbe der Spielfl\u00e4che inklusive der eingelassenen Felder.<\/p>\n<\/li>\n<\/ul>\n<h3 data-start=\"1364\" data-end=\"1400\"><strong data-start=\"1368\" data-end=\"1400\">X-Symbol \/ O-Stein Farbe<\/strong><\/h3>\n<ul data-start=\"1401\" data-end=\"1524\">\n<li data-start=\"1401\" data-end=\"1426\">\n<p data-start=\"1403\" data-end=\"1426\">Farbe des <strong data-start=\"1413\" data-end=\"1426\">X-Symbols<\/strong><\/p>\n<\/li>\n<li data-start=\"1427\" data-end=\"1524\">\n<p data-start=\"1429\" data-end=\"1524\">Diese Farbe ist <strong data-start=\"1445\" data-end=\"1489\">gleichzeitig die Grundfarbe der O-Steine<\/strong><br data-start=\"1489\" data-end=\"1492\" \/><em data-start=\"1494\" data-end=\"1524\">(invertierte Farbgestaltung)<\/em><\/p>\n<\/li>\n<\/ul>\n<h3 data-start=\"1526\" data-end=\"1562\"><strong data-start=\"1530\" data-end=\"1562\">O-Symbol \/ X-Stein Farbe<\/strong><\/h3>\n<ul data-start=\"1563\" data-end=\"1686\">\n<li data-start=\"1563\" data-end=\"1588\">\n<p data-start=\"1565\" data-end=\"1588\">Farbe des <strong data-start=\"1575\" data-end=\"1588\">O-Symbols<\/strong><\/p>\n<\/li>\n<li data-start=\"1589\" data-end=\"1686\">\n<p data-start=\"1591\" data-end=\"1686\">Diese Farbe ist <strong data-start=\"1607\" data-end=\"1651\">gleichzeitig die Grundfarbe der X-Steine<\/strong><br data-start=\"1651\" data-end=\"1654\" \/><em data-start=\"1656\" data-end=\"1686\">(invertierte Farbgestaltung)<\/em><\/p>\n<\/li>\n<\/ul>\n<p data-start=\"1688\" data-end=\"1825\">\ud83d\udc49 <strong data-start=\"1691\" data-end=\"1703\">Hinweis:<\/strong><br data-start=\"1703\" data-end=\"1706\" \/>Durch dieses invertierte Farbkonzept sind X- und O-Steine stets klar unterscheidbar und optisch aufeinander abgestimmt.<\/p>\n<hr data-start=\"1827\" data-end=\"1830\" \/>\n<h2 data-start=\"1832\" data-end=\"1853\"><strong data-start=\"1835\" data-end=\"1853\">Produktdetails<\/strong><\/h2>\n<ul data-start=\"1854\" data-end=\"2054\">\n<li data-start=\"1854\" data-end=\"1891\">\n<p data-start=\"1856\" data-end=\"1891\"><strong data-start=\"1856\" data-end=\"1870\">Spielfeld:<\/strong> ca. 78 \u00d7 78 \u00d7 5 mm<\/p>\n<\/li>\n<li data-start=\"1892\" data-end=\"1991\">\n<p data-start=\"1894\" data-end=\"1912\"><strong data-start=\"1894\" data-end=\"1910\">Spielsteine:<\/strong><\/p>\n<ul data-start=\"1915\" data-end=\"1991\">\n<li data-start=\"1915\" data-end=\"1931\">\n<p data-start=\"1917\" data-end=\"1931\">6 \u00d7 X-Steine<\/p>\n<\/li>\n<li data-start=\"1934\" data-end=\"1950\">\n<p data-start=\"1936\" data-end=\"1950\">6 \u00d7 O-Steine<\/p>\n<\/li>\n<li data-start=\"1953\" data-end=\"1991\">\n<p data-start=\"1955\" data-end=\"1991\">Gr\u00f6\u00dfe je Stein: ca. 2 \u00d7 2 \u00d7 0,6 cm<\/p>\n<\/li>\n<\/ul>\n<\/li>\n<li data-start=\"1992\" data-end=\"2021\">\n<p data-start=\"1994\" data-end=\"2021\"><strong data-start=\"1994\" data-end=\"2010\">Herstellung:<\/strong> 3D-Druck<\/p>\n<\/li>\n<li data-start=\"2022\" data-end=\"2054\">\n<p data-start=\"2024\" data-end=\"2054\"><strong data-start=\"2024\" data-end=\"2037\">Material:<\/strong> Kunststoff (PLA)<\/p>\n<\/li>\n<\/ul>\n<hr data-start=\"2056\" data-end=\"2059\" \/>\n<h2 data-start=\"2061\" data-end=\"2086\"><strong data-start=\"2064\" data-end=\"2086\">Bitte beachten Sie<\/strong><\/h2>\n<ul data-start=\"2087\" data-end=\"2554\">\n<li data-start=\"2087\" data-end=\"2219\">\n<p data-start=\"2089\" data-end=\"2219\">Durch das 3D-Druckverfahren entstehen feine, sichtbare Schichtlinien (Rillen), die den typischen Charakter des Produkts ausmachen.<\/p>\n<\/li>\n<li data-start=\"2220\" data-end=\"2278\">\n<p data-start=\"2222\" data-end=\"2278\">Leichte Ma\u00dfabweichungen sind produktionsbedingt m\u00f6glich.<\/p>\n<\/li>\n<li data-start=\"2279\" data-end=\"2381\">\n<p data-start=\"2281\" data-end=\"2381\">Farbabweichungen gegen\u00fcber der Bildschirmdarstellung sind material- und darstellungsbedingt m\u00f6glich.<\/p>\n<\/li>\n<li data-start=\"2382\" data-end=\"2468\">\n<p data-start=\"2384\" data-end=\"2468\">Kanten k\u00f6nnen konstruktionsbedingt leicht sp\u00fcrbar sein \u2013 bitte vorsichtig handhaben.<\/p>\n<\/li>\n<li data-start=\"2469\" data-end=\"2554\">\n<p data-start=\"2471\" data-end=\"2554\">Dieses Produkt ist <strong data-start=\"2490\" data-end=\"2508\">kein Spielzeug<\/strong> und nicht f\u00fcr Kinder unter 3 Jahren geeignet.<\/p>\n<\/li>\n<\/ul>\n","protected":false},"excerpt":{"rendered":"<p data-start=\"344\" data-end=\"573\">Modernes TicTacToe-Spiel aus dem 3D-Drucker mit passgenauem Spielfeld und 12 zweifarbigen Spielsteinen. W\u00e4hlen Sie Ihre eigenen Farben f\u00fcr Spielfeld und Spielsteine und erhalten Sie ein einzigartiges, individuell gefertigtes Set.<\/p>\n","protected":false},"featured_media":327,"comment_status":"open","ping_status":"closed","template":"","meta":[],"product_brand":[],"product_cat":[50],"product_tag":[],"class_list":{"0":"post-322","1":"product","2":"type-product","3":"status-publish","4":"has-post-thumbnail","6":"product_cat-personalisiert","8":"first","9":"instock","10":"shipping-taxable","11":"purchasable","12":"product-type-variable","13":"has-default-attributes"},"yoast_head":"<!-- This site is optimized with the Yoast SEO plugin v27.0 - https:\/\/yoast.com\/product\/yoast-seo-wordpress\/ -->\n<title>Individuelles TicTacToe-Spiel mit Spielfeld \u2013 Farben konfigurierbar - 3D aus NRW<\/title>\n<meta name=\"robots\" content=\"index, follow, max-snippet:-1, max-image-preview:large, max-video-preview:-1\" \/>\n<link rel=\"canonical\" href=\"https:\/\/3dausnrw.de\/index.php\/produkt\/individuelles-tictactoe-spiel-mit-spielfeld-farben-konfigurierbar\/\" \/>\n<meta property=\"og:locale\" content=\"de_DE\" \/>\n<meta property=\"og:type\" content=\"article\" \/>\n<meta property=\"og:title\" content=\"Individuelles TicTacToe-Spiel mit Spielfeld \u2013 Farben konfigurierbar - 3D aus NRW\" \/>\n<meta property=\"og:description\" content=\"Modernes TicTacToe-Spiel aus dem 3D-Drucker mit passgenauem Spielfeld und 12 zweifarbigen Spielsteinen. W\u00e4hlen Sie Ihre eigenen Farben f\u00fcr Spielfeld und Spielsteine und erhalten Sie ein einzigartiges, individuell gefertigtes Set.\" \/>\n<meta property=\"og:url\" content=\"https:\/\/3dausnrw.de\/index.php\/produkt\/individuelles-tictactoe-spiel-mit-spielfeld-farben-konfigurierbar\/\" \/>\n<meta property=\"og:site_name\" content=\"3D aus NRW\" \/>\n<meta property=\"article:modified_time\" content=\"2026-05-14T18:11:39+00:00\" \/>\n<meta property=\"og:image\" content=\"https:\/\/3dausnrw.de\/wp-content\/uploads\/2026\/02\/TTT_1.jpeg\" \/>\n\t<meta property=\"og:image:width\" content=\"1600\" \/>\n\t<meta property=\"og:image:height\" content=\"975\" \/>\n\t<meta property=\"og:image:type\" content=\"image\/jpeg\" \/>\n<meta name=\"twitter:card\" content=\"summary_large_image\" \/>\n<meta name=\"twitter:label1\" content=\"Gesch\u00e4tzte Lesezeit\" \/>\n\t<meta name=\"twitter:data1\" content=\"2\u00a0Minuten\" \/>\n<script type=\"application\/ld+json\" class=\"yoast-schema-graph\">{\"@context\":\"https:\/\/schema.org\",\"@graph\":[{\"@type\":\"WebPage\",\"@id\":\"https:\/\/3dausnrw.de\/index.php\/produkt\/individuelles-tictactoe-spiel-mit-spielfeld-farben-konfigurierbar\/\",\"url\":\"https:\/\/3dausnrw.de\/index.php\/produkt\/individuelles-tictactoe-spiel-mit-spielfeld-farben-konfigurierbar\/\",\"name\":\"Individuelles TicTacToe-Spiel mit Spielfeld \u2013 Farben konfigurierbar - 3D aus NRW\",\"isPartOf\":{\"@id\":\"https:\/\/3dausnrw.de\/#website\"},\"primaryImageOfPage\":{\"@id\":\"https:\/\/3dausnrw.de\/index.php\/produkt\/individuelles-tictactoe-spiel-mit-spielfeld-farben-konfigurierbar\/#primaryimage\"},\"image\":{\"@id\":\"https:\/\/3dausnrw.de\/index.php\/produkt\/individuelles-tictactoe-spiel-mit-spielfeld-farben-konfigurierbar\/#primaryimage\"},\"thumbnailUrl\":\"https:\/\/3dausnrw.de\/wp-content\/uploads\/2026\/02\/TTT_1.jpeg\",\"datePublished\":\"2026-02-01T11:20:14+00:00\",\"dateModified\":\"2026-05-14T18:11:39+00:00\",\"breadcrumb\":{\"@id\":\"https:\/\/3dausnrw.de\/index.php\/produkt\/individuelles-tictactoe-spiel-mit-spielfeld-farben-konfigurierbar\/#breadcrumb\"},\"inLanguage\":\"de\",\"potentialAction\":[{\"@type\":\"ReadAction\",\"target\":[\"https:\/\/3dausnrw.de\/index.php\/produkt\/individuelles-tictactoe-spiel-mit-spielfeld-farben-konfigurierbar\/\"]}]},{\"@type\":\"ImageObject\",\"inLanguage\":\"de\",\"@id\":\"https:\/\/3dausnrw.de\/index.php\/produkt\/individuelles-tictactoe-spiel-mit-spielfeld-farben-konfigurierbar\/#primaryimage\",\"url\":\"https:\/\/3dausnrw.de\/wp-content\/uploads\/2026\/02\/TTT_1.jpeg\",\"contentUrl\":\"https:\/\/3dausnrw.de\/wp-content\/uploads\/2026\/02\/TTT_1.jpeg\",\"width\":1600,\"height\":975},{\"@type\":\"BreadcrumbList\",\"@id\":\"https:\/\/3dausnrw.de\/index.php\/produkt\/individuelles-tictactoe-spiel-mit-spielfeld-farben-konfigurierbar\/#breadcrumb\",\"itemListElement\":[{\"@type\":\"ListItem\",\"position\":1,\"name\":\"Startseite\",\"item\":\"https:\/\/3dausnrw.de\/\"},{\"@type\":\"ListItem\",\"position\":2,\"name\":\"Shop\",\"item\":\"https:\/\/3dausnrw.de\/\"},{\"@type\":\"ListItem\",\"position\":3,\"name\":\"Individuelles TicTacToe-Spiel mit Spielfeld \u2013 Farben konfigurierbar\"}]},{\"@type\":\"WebSite\",\"@id\":\"https:\/\/3dausnrw.de\/#website\",\"url\":\"https:\/\/3dausnrw.de\/\",\"name\":\"3D aus NRW\",\"description\":\"Individuell &amp; Einzigartig\",\"publisher\":{\"@id\":\"https:\/\/3dausnrw.de\/#organization\"},\"potentialAction\":[{\"@type\":\"SearchAction\",\"target\":{\"@type\":\"EntryPoint\",\"urlTemplate\":\"https:\/\/3dausnrw.de\/?s={search_term_string}\"},\"query-input\":{\"@type\":\"PropertyValueSpecification\",\"valueRequired\":true,\"valueName\":\"search_term_string\"}}],\"inLanguage\":\"de\"},{\"@type\":\"Organization\",\"@id\":\"https:\/\/3dausnrw.de\/#organization\",\"name\":\"3D aus NRW\",\"url\":\"https:\/\/3dausnrw.de\/\",\"logo\":{\"@type\":\"ImageObject\",\"inLanguage\":\"de\",\"@id\":\"https:\/\/3dausnrw.de\/#\/schema\/logo\/image\/\",\"url\":\"https:\/\/3dausnrw.de\/wp-content\/uploads\/2025\/11\/Icon-Kopie.png\",\"contentUrl\":\"https:\/\/3dausnrw.de\/wp-content\/uploads\/2025\/11\/Icon-Kopie.png\",\"width\":511,\"height\":502,\"caption\":\"3D aus NRW\"},\"image\":{\"@id\":\"https:\/\/3dausnrw.de\/#\/schema\/logo\/image\/\"}}]}<\/script>\n<!-- \/ Yoast SEO plugin. -->","yoast_head_json":{"title":"Individuelles TicTacToe-Spiel mit Spielfeld \u2013 Farben konfigurierbar - 3D aus NRW","robots":{"index":"index","follow":"follow","max-snippet":"max-snippet:-1","max-image-preview":"max-image-preview:large","max-video-preview":"max-video-preview:-1"},"canonical":"https:\/\/3dausnrw.de\/index.php\/produkt\/individuelles-tictactoe-spiel-mit-spielfeld-farben-konfigurierbar\/","og_locale":"de_DE","og_type":"article","og_title":"Individuelles TicTacToe-Spiel mit Spielfeld \u2013 Farben konfigurierbar - 3D aus NRW","og_description":"Modernes TicTacToe-Spiel aus dem 3D-Drucker mit passgenauem Spielfeld und 12 zweifarbigen Spielsteinen. W\u00e4hlen Sie Ihre eigenen Farben f\u00fcr Spielfeld und Spielsteine und erhalten Sie ein einzigartiges, individuell gefertigtes Set.","og_url":"https:\/\/3dausnrw.de\/index.php\/produkt\/individuelles-tictactoe-spiel-mit-spielfeld-farben-konfigurierbar\/","og_site_name":"3D aus NRW","article_modified_time":"2026-05-14T18:11:39+00:00","og_image":[{"width":1600,"height":975,"url":"https:\/\/3dausnrw.de\/wp-content\/uploads\/2026\/02\/TTT_1.jpeg","type":"image\/jpeg"}],"twitter_card":"summary_large_image","twitter_misc":{"Gesch\u00e4tzte Lesezeit":"2\u00a0Minuten"},"schema":{"@context":"https:\/\/schema.org","@graph":[{"@type":"WebPage","@id":"https:\/\/3dausnrw.de\/index.php\/produkt\/individuelles-tictactoe-spiel-mit-spielfeld-farben-konfigurierbar\/","url":"https:\/\/3dausnrw.de\/index.php\/produkt\/individuelles-tictactoe-spiel-mit-spielfeld-farben-konfigurierbar\/","name":"Individuelles TicTacToe-Spiel mit Spielfeld \u2013 Farben konfigurierbar - 3D aus NRW","isPartOf":{"@id":"https:\/\/3dausnrw.de\/#website"},"primaryImageOfPage":{"@id":"https:\/\/3dausnrw.de\/index.php\/produkt\/individuelles-tictactoe-spiel-mit-spielfeld-farben-konfigurierbar\/#primaryimage"},"image":{"@id":"https:\/\/3dausnrw.de\/index.php\/produkt\/individuelles-tictactoe-spiel-mit-spielfeld-farben-konfigurierbar\/#primaryimage"},"thumbnailUrl":"https:\/\/3dausnrw.de\/wp-content\/uploads\/2026\/02\/TTT_1.jpeg","datePublished":"2026-02-01T11:20:14+00:00","dateModified":"2026-05-14T18:11:39+00:00","breadcrumb":{"@id":"https:\/\/3dausnrw.de\/index.php\/produkt\/individuelles-tictactoe-spiel-mit-spielfeld-farben-konfigurierbar\/#breadcrumb"},"inLanguage":"de","potentialAction":[{"@type":"ReadAction","target":["https:\/\/3dausnrw.de\/index.php\/produkt\/individuelles-tictactoe-spiel-mit-spielfeld-farben-konfigurierbar\/"]}]},{"@type":"ImageObject","inLanguage":"de","@id":"https:\/\/3dausnrw.de\/index.php\/produkt\/individuelles-tictactoe-spiel-mit-spielfeld-farben-konfigurierbar\/#primaryimage","url":"https:\/\/3dausnrw.de\/wp-content\/uploads\/2026\/02\/TTT_1.jpeg","contentUrl":"https:\/\/3dausnrw.de\/wp-content\/uploads\/2026\/02\/TTT_1.jpeg","width":1600,"height":975},{"@type":"BreadcrumbList","@id":"https:\/\/3dausnrw.de\/index.php\/produkt\/individuelles-tictactoe-spiel-mit-spielfeld-farben-konfigurierbar\/#breadcrumb","itemListElement":[{"@type":"ListItem","position":1,"name":"Startseite","item":"https:\/\/3dausnrw.de\/"},{"@type":"ListItem","position":2,"name":"Shop","item":"https:\/\/3dausnrw.de\/"},{"@type":"ListItem","position":3,"name":"Individuelles TicTacToe-Spiel mit Spielfeld \u2013 Farben konfigurierbar"}]},{"@type":"WebSite","@id":"https:\/\/3dausnrw.de\/#website","url":"https:\/\/3dausnrw.de\/","name":"3D aus NRW","description":"Individuell &amp; Einzigartig","publisher":{"@id":"https:\/\/3dausnrw.de\/#organization"},"potentialAction":[{"@type":"SearchAction","target":{"@type":"EntryPoint","urlTemplate":"https:\/\/3dausnrw.de\/?s={search_term_string}"},"query-input":{"@type":"PropertyValueSpecification","valueRequired":true,"valueName":"search_term_string"}}],"inLanguage":"de"},{"@type":"Organization","@id":"https:\/\/3dausnrw.de\/#organization","name":"3D aus NRW","url":"https:\/\/3dausnrw.de\/","logo":{"@type":"ImageObject","inLanguage":"de","@id":"https:\/\/3dausnrw.de\/#\/schema\/logo\/image\/","url":"https:\/\/3dausnrw.de\/wp-content\/uploads\/2025\/11\/Icon-Kopie.png","contentUrl":"https:\/\/3dausnrw.de\/wp-content\/uploads\/2025\/11\/Icon-Kopie.png","width":511,"height":502,"caption":"3D aus NRW"},"image":{"@id":"https:\/\/3dausnrw.de\/#\/schema\/logo\/image\/"}}]}},"jetpack_sharing_enabled":true,"_links":{"self":[{"href":"https:\/\/3dausnrw.de\/index.php\/wp-json\/wp\/v2\/product\/322","targetHints":{"allow":["GET"]}}],"collection":[{"href":"https:\/\/3dausnrw.de\/index.php\/wp-json\/wp\/v2\/product"}],"about":[{"href":"https:\/\/3dausnrw.de\/index.php\/wp-json\/wp\/v2\/types\/product"}],"replies":[{"embeddable":true,"href":"https:\/\/3dausnrw.de\/index.php\/wp-json\/wp\/v2\/comments?post=322"}],"wp:featuredmedia":[{"embeddable":true,"href":"https:\/\/3dausnrw.de\/index.php\/wp-json\/wp\/v2\/media\/327"}],"wp:attachment":[{"href":"https:\/\/3dausnrw.de\/index.php\/wp-json\/wp\/v2\/media?parent=322"}],"wp:term":[{"taxonomy":"product_brand","embeddable":true,"href":"https:\/\/3dausnrw.de\/index.php\/wp-json\/wp\/v2\/product_brand?post=322"},{"taxonomy":"product_cat","embeddable":true,"href":"https:\/\/3dausnrw.de\/index.php\/wp-json\/wp\/v2\/product_cat?post=322"},{"taxonomy":"product_tag","embeddable":true,"href":"https:\/\/3dausnrw.de\/index.php\/wp-json\/wp\/v2\/product_tag?post=322"}],"curies":[{"name":"wp","href":"https:\/\/api.w.org\/{rel}","templated":true}]}}